{"id":2018,"date":"2024-12-26T16:58:08","date_gmt":"2024-12-26T16:58:08","guid":{"rendered":"https:\/\/demo.artureanec.com\/themes\/aiero-dark\/?page_id=2018"},"modified":"2025-12-05T16:49:31","modified_gmt":"2025-12-05T16:49:31","slug":"contactos","status":"publish","type":"page","link":"https:\/\/faptech.pt\/en\/contactos\/","title":{"rendered":"Contacto"},"content":{"rendered":"<div data-elementor-type=\"wp-page\" data-elementor-id=\"2018\" class=\"elementor elementor-2018\">\n\t\t\t\t<div class=\"elementor-element elementor-element-7745395f e-grid e-con-full e-con e-parent\" data-id=\"7745395f\" data-element_type=\"container\" data-e-type=\"container\" data-settings=\"{&quot;background_background&quot;:&quot;classic&quot;}\">\n\t\t\t\t<div class=\"elementor-element elementor-element-78dfbc92 elementor-widget elementor-widget-shortcode\" data-id=\"78dfbc92\" data-element_type=\"widget\" data-e-type=\"widget\" data-widget_type=\"shortcode.default\">\n\t\t\t\t<div class=\"elementor-widget-container\">\n\t\t\t\t\t\t\t<div class=\"elementor-shortcode\">    <section class=\"contact-area-custom\">\n\n        <div class=\"contact-area-inner\">\n            <div class=\"contact-area-info\">\n                <div class=\"contact-area-info-title\">We are always ready to help and answer your questions.<\/div>\n                <div class=\"contact-area-info-block\">\n                    <strong>Phone:<\/strong> +351 239 960 123<br>\n                    (Call to national landline)<br>\n                    <a href=\"mailto:geral@faptech.pt\">geral@faptech.pt<\/a>\n                    <a href=\"https:\/\/pt.linkedin.com\/company\/faptech-intelligence-and-automation-lda\" class=\"linkedin\" target=\"_blank\" rel=\"noopener\">in<\/a>\n                <\/div>\n                <div class=\"contact-area-info-block\">\n                    <div class=\"contact-address-wrapper\" style=\"display: flex; flex-direction: row; gap: 24px; align-items: flex-start; margin-right: 80px;\">\n                        <div class=\"contact-address-text\" style=\"flex: 1 1 0; min-width: 0; order: 1;\">\n                            <strong>AT Business Center Building<\/strong><br>\n                            Manga da Granja<br>\n                            3060-071 An\u00e7\u00e3<br>\n                            Portugal\n                        <\/div>\n                        <div class=\"contact-address-logo\" style=\"flex: 0 0 auto; display: flex; align-items: center; order: 2;\">\n                            <img decoding=\"async\" data-src=\"\/wp-content\/uploads\/2025\/12\/img-logo-business-center-contatos.png\" alt=\"Logo Business Center\" style=\"--smush-placeholder-width: 427px; --smush-placeholder-aspect-ratio: 427\/584;max-width: 120px; height: auto; display: block; border-radius: 8px; background: #fff; padding: 4px;\" src=\"data:image\/svg+xml;base64,PHN2ZyB3aWR0aD0iMSIgaGVpZ2h0PSIxIiB4bWxucz0iaHR0cDovL3d3dy53My5vcmcvMjAwMC9zdmciPjwvc3ZnPg==\" class=\"lazyload\" \/>\n                        <\/div>\n                    <\/div>\n                <\/div>\n                <style>\n                @media (max-width: 768px) {\n                    .contact-address-wrapper {\n                        flex-direction: column !important;\n                        align-items: center !important;\n                        margin-right: 0 !important;\n                    }\n                    .contact-address-logo { order: 1 !important; }\n                    .contact-address-text { order: 2 !important; text-align: center; }\n                }\n                <\/style>\n            <\/div>\n            <div class=\"contact-area-form-col\">\n                <h2>Contact Us<\/h2>\n                <div class=\"contact-area-form-wrapper\">\n                    \n<div class=\"wpcf7 no-js\" id=\"wpcf7-f141-o1\" lang=\"en-US\" dir=\"ltr\" data-wpcf7-id=\"141\">\n<div class=\"screen-reader-response\"><p role=\"status\" aria-live=\"polite\" aria-atomic=\"true\"><\/p> <ul><\/ul><\/div>\n<form action=\"\/en\/wp-json\/wp\/v2\/pages\/2018#wpcf7-f141-o1\" method=\"post\" class=\"wpcf7-form init\" aria-label=\"Contact form\" novalidate=\"novalidate\" data-status=\"init\" data-trp-original-action=\"\/en\/wp-json\/wp\/v2\/pages\/2018#wpcf7-f141-o1\">\n<fieldset class=\"hidden-fields-container\"><input type=\"hidden\" name=\"_wpcf7\" value=\"141\" \/><input type=\"hidden\" name=\"_wpcf7_version\" value=\"6.1.5\" \/><input type=\"hidden\" name=\"_wpcf7_locale\" value=\"en_US\" \/><input type=\"hidden\" name=\"_wpcf7_unit_tag\" value=\"wpcf7-f141-o1\" \/><input type=\"hidden\" name=\"_wpcf7_container_post\" value=\"0\" \/><input type=\"hidden\" name=\"_wpcf7_posted_data_hash\" value=\"\" \/>\n<\/fieldset>\n<table border=\"0\" style=\"border:none !important; border-collapse:collapse;\">\n\t<tr>\n\t\t<td style=\"border:none !important;\">\n\t\t\t<p><span class=\"wpcf7-form-control-wrap\" data-name=\"your-name\"><input size=\"40\" maxlength=\"400\" class=\"wpcf7-form-control wpcf7-text wpcf7-validates-as-required\" aria-required=\"true\" aria-invalid=\"false\" placeholder=\"Name\" value=\"\" type=\"text\" name=\"your-name\" \/><\/span>\n\t\t\t<\/p>\n\t\t<\/td>\n\t\t<td style=\"border:none !important;\">\n\t\t\t<p><span class=\"wpcf7-form-control-wrap\" data-name=\"your-company\"><input size=\"40\" maxlength=\"400\" class=\"wpcf7-form-control wpcf7-text wpcf7-validates-as-required\" aria-required=\"true\" aria-invalid=\"false\" placeholder=\"Company\" value=\"\" type=\"text\" name=\"your-company\" \/><\/span>\n\t\t\t<\/p>\n\t\t<\/td>\n\t<\/tr>\n\t<tr>\n\t\t<td style=\"border:none !important;\">\n\t\t\t<p><span class=\"wpcf7-form-control-wrap\" data-name=\"your-email\"><input size=\"40\" maxlength=\"400\" class=\"wpcf7-form-control wpcf7-email wpcf7-validates-as-required wpcf7-text wpcf7-validates-as-email\" aria-required=\"true\" aria-invalid=\"false\" placeholder=\"Email\" value=\"\" type=\"email\" name=\"your-email\" \/><\/span>\n\t\t\t<\/p>\n\t\t<\/td>\n\t\t<td style=\"border:none !important;\">\n\t\t\t<p><span class=\"wpcf7-form-control-wrap\" data-name=\"your-phone\"><input size=\"40\" maxlength=\"400\" class=\"wpcf7-form-control wpcf7-tel wpcf7-text wpcf7-validates-as-tel\" aria-invalid=\"false\" placeholder=\"Phone\" value=\"\" type=\"tel\" name=\"your-phone\" \/><\/span>\n\t\t\t<\/p>\n\t\t<\/td>\n\t<\/tr>\n\t<tr>\n\t\t<td colspan=\"2\" style=\"border:none !important;\">\n\t\t\t<p><span class=\"wpcf7-form-control-wrap\" data-name=\"your-subject\"><input size=\"40\" maxlength=\"400\" class=\"wpcf7-form-control wpcf7-text wpcf7-validates-as-required\" aria-required=\"true\" aria-invalid=\"false\" placeholder=\"Subject\" value=\"\" type=\"text\" name=\"your-subject\" \/><\/span>\n\t\t\t<\/p>\n\t\t<\/td>\n\t<\/tr>\n\t<tr>\n\t\t<td colspan=\"2\" style=\"border:none !important;\">\n\t\t\t<p><span class=\"wpcf7-form-control-wrap\" data-name=\"your-message\"><textarea cols=\"40\" rows=\"10\" maxlength=\"2000\" class=\"wpcf7-form-control wpcf7-textarea wpcf7-validates-as-required\" aria-required=\"true\" aria-invalid=\"false\" placeholder=\"Message\" name=\"your-message\"><\/textarea><\/span>\n\t\t\t<\/p>\n\t\t<\/td>\n\t<\/tr>\n\t<tr>\n\t\t<td colspan=\"2\" style=\"border:none !important;\">\n\t\t\t<p><span class=\"wpcf7-form-control-wrap\" data-name=\"acceptance-866\"><span class=\"wpcf7-form-control wpcf7-acceptance\"><span class=\"wpcf7-list-item\"><label><input type=\"checkbox\" name=\"acceptance-866\" value=\"1\" id=\"checkAceitacao\" aria-invalid=\"false\" \/><span class=\"wpcf7-list-item-label\">I have read and accept the&nbsp; <a href=\"https:\/\/faptech.pt\/en\/politica-de-privacidade-e-de-protecao-de-dados-pessoais\/\" target=\"_blank\">Privacy and Personal Data Protection Policy<\/a> deste site.<\/span><\/label><\/span><\/span><\/span>\n\t\t\t<\/p>\n\t\t<\/td>\n\t<\/tr>\n\t<tr>\n\t\t<td colspan=\"2\" style=\"border:none !important;\">\n\t\t\t<p><input class=\"wpcf7-form-control wpcf7-submit has-spinner\" type=\"submit\" value=\"Send\" \/>\n\t\t\t<\/p>\n\t\t<\/td>\n\t<\/tr>\n<\/table><div class=\"wpcf7-response-output\" aria-hidden=\"true\"><\/div>\n<input type=\"hidden\" name=\"trp-form-language\" value=\"en\"\/><\/form>\n<\/div>\n                <\/div>\n            <\/div>\n        <\/div>\n\n    <\/section>\n<\/div>\n\t\t\t\t\t\t<\/div>\n\t\t\t\t<\/div>\n\t\t\t\t<\/div>\n\t\t<div class=\"elementor-element elementor-element-62b08c0d e-grid e-con-full e-con e-parent\" data-id=\"62b08c0d\" data-element_type=\"container\" data-e-type=\"container\">\n\t\t\t\t<div class=\"elementor-element elementor-element-3018ca9e elementor-widget__width-initial elementor-widget elementor-widget-google_maps\" data-id=\"3018ca9e\" data-element_type=\"widget\" data-e-type=\"widget\" data-widget_type=\"google_maps.default\">\n\t\t\t\t<div class=\"elementor-widget-container\">\n\t\t\t\t\t\t\t<div class=\"elementor-custom-embed\">\n\t\t\t<iframe\n\t\t\t\t\tdata-src=\"https:\/\/maps.google.com\/maps?q=Edif%C3%ADcio%20AT%20Business%20Center%20Manga%20da%20Granja%203060-071%20An%C3%A7%C3%A3&#038;t=m&#038;z=15&#038;output=embed&#038;iwloc=near\"\n\t\t\t\t\ttitle=\"Edif\u00edcio AT Business Center Manga da Granja 3060-071 An\u00e7\u00e3\"\n\t\t\t\t\taria-label=\"Edif\u00edcio AT Business Center Manga da Granja 3060-071 An\u00e7\u00e3\"\n\t\t\t src=\"data:image\/svg+xml;base64,PHN2ZyB3aWR0aD0iMSIgaGVpZ2h0PSIxIiB4bWxucz0iaHR0cDovL3d3dy53My5vcmcvMjAwMC9zdmciPjwvc3ZnPg==\" class=\"lazyload\" data-load-mode=\"1\"><\/iframe>\n\t\t<\/div>\n\t\t\t\t\t\t<\/div>\n\t\t\t\t<\/div>\n\t\t\t\t<\/div>\n\t\t\t\t<\/div>","protected":false},"excerpt":{"rendered":"","protected":false},"author":3,"featured_media":0,"parent":0,"menu_order":0,"comment_status":"closed","ping_status":"closed","template":"","meta":{"footnotes":""},"class_list":["post-2018","page","type-page","status-publish","hentry"],"_links":{"self":[{"href":"https:\/\/faptech.pt\/en\/wp-json\/wp\/v2\/pages\/2018","targetHints":{"allow":["GET"]}}],"collection":[{"href":"https:\/\/faptech.pt\/en\/wp-json\/wp\/v2\/pages"}],"about":[{"href":"https:\/\/faptech.pt\/en\/wp-json\/wp\/v2\/types\/page"}],"author":[{"embeddable":true,"href":"https:\/\/faptech.pt\/en\/wp-json\/wp\/v2\/users\/3"}],"replies":[{"embeddable":true,"href":"https:\/\/faptech.pt\/en\/wp-json\/wp\/v2\/comments?post=2018"}],"version-history":[{"count":0,"href":"https:\/\/faptech.pt\/en\/wp-json\/wp\/v2\/pages\/2018\/revisions"}],"wp:attachment":[{"href":"https:\/\/faptech.pt\/en\/wp-json\/wp\/v2\/media?parent=2018"}],"curies":[{"name":"wp","href":"https:\/\/api.w.org\/{rel}","templated":true}]}}